{"id":5310,"date":"2026-04-15T15:14:01","date_gmt":"2026-04-15T13:14:01","guid":{"rendered":"https:\/\/www.weingut-zimmermann.at\/?post_type=product&#038;p=5310"},"modified":"2026-04-15T15:22:42","modified_gmt":"2026-04-15T13:22:42","slug":"aktion","status":"publish","type":"product","link":"https:\/\/www.weingut-zimmermann.at\/en\/produkt\/aktion\/","title":{"rendered":"Bl\u00fctenmuskateller-Paket<br>Nur kurze Zeit g\u00fcltig."},"content":{"rendered":"<p class=\"p1\">Frisch, duftig und perfekt f\u00fcr sonnige Tage. K\u00fchl genie\u00dfen und einfach ansto\u00dfen \u2013 auf gute Laune und entspannte Momente!<\/p>\n","protected":false},"excerpt":{"rendered":"<p>Dieses Paket beinhaltet:<\/p>\n<p>6 x <strong>Bl\u00fctenmuskateller<\/strong><strong> 2025<\/strong><strong><br \/>\n<\/strong><\/p>\n","protected":false},"featured_media":5311,"template":"","meta":{"_acf_changed":false},"product_brand":[],"product_cat":[178],"product_tag":[],"class_list":{"0":"post-5310","1":"product","2":"type-product","3":"status-publish","4":"has-post-thumbnail","6":"product_cat-wein-genusspaket","8":"first","9":"instock","10":"taxable","11":"shipping-taxable","12":"purchasable","13":"product-type-simple"},"acf":[],"yoast_head":"<!-- This site is optimized with the Yoast SEO plugin v27.5 - https:\/\/yoast.com\/product\/yoast-seo-wordpress\/ -->\n<title>Bl\u00fctenmuskateller-PaketNur kurze Zeit g\u00fcltig. - Weingut Zimmermann<\/title>\n<meta name=\"robots\" content=\"index, follow, max-snippet:-1, max-image-preview:large, max-video-preview:-1\" \/>\n<link rel=\"canonical\" href=\"https:\/\/www.weingut-zimmermann.at\/produkt\/aktion\/\" \/>\n<meta property=\"og:locale\" content=\"en_US\" \/>\n<meta property=\"og:type\" content=\"article\" \/>\n<meta property=\"og:title\" content=\"Bl\u00fctenmuskateller-PaketNur kurze Zeit g\u00fcltig. - Weingut Zimmermann\" \/>\n<meta property=\"og:description\" content=\"Dieses Paket beinhaltet:  6 x Bl\u00fctenmuskateller 2025\" \/>\n<meta property=\"og:url\" content=\"https:\/\/www.weingut-zimmermann.at\/produkt\/aktion\/\" \/>\n<meta property=\"og:site_name\" content=\"Weingut Zimmermann\" \/>\n<meta property=\"article:modified_time\" content=\"2026-04-15T13:22:42+00:00\" \/>\n<meta property=\"og:image\" content=\"https:\/\/www.weingut-zimmermann.at\/wp-content\/uploads\/bluetenmuskateller_aktion_Weingut-Zimmermann-scaled.jpg\" \/>\n\t<meta property=\"og:image:width\" content=\"2048\" \/>\n\t<meta property=\"og:image:height\" content=\"2048\" \/>\n\t<meta property=\"og:image:type\" content=\"image\/jpeg\" \/>\n<meta name=\"twitter:card\" content=\"summary_large_image\" \/>\n<meta name=\"twitter:label1\" content=\"Est. reading time\" \/>\n\t<meta name=\"twitter:data1\" content=\"1 minute\" \/>\n<script type=\"application\/ld+json\" class=\"yoast-schema-graph\">{\"@context\":\"https:\\\/\\\/schema.org\",\"@graph\":[{\"@type\":\"WebPage\",\"@id\":\"https:\\\/\\\/www.weingut-zimmermann.at\\\/produkt\\\/aktion\\\/\",\"url\":\"https:\\\/\\\/www.weingut-zimmermann.at\\\/produkt\\\/aktion\\\/\",\"name\":\"Bl\u00fctenmuskateller-Paket Nur kurze Zeit g\u00fcltig. - Weingut Zimmermann\",\"isPartOf\":{\"@id\":\"https:\\\/\\\/www.weingut-zimmermann.at\\\/#website\"},\"primaryImageOfPage\":{\"@id\":\"https:\\\/\\\/www.weingut-zimmermann.at\\\/produkt\\\/aktion\\\/#primaryimage\"},\"image\":{\"@id\":\"https:\\\/\\\/www.weingut-zimmermann.at\\\/produkt\\\/aktion\\\/#primaryimage\"},\"thumbnailUrl\":\"https:\\\/\\\/www.weingut-zimmermann.at\\\/wp-content\\\/uploads\\\/bluetenmuskateller_aktion_Weingut-Zimmermann-scaled.jpg\",\"datePublished\":\"2026-04-15T13:14:01+00:00\",\"dateModified\":\"2026-04-15T13:22:42+00:00\",\"breadcrumb\":{\"@id\":\"https:\\\/\\\/www.weingut-zimmermann.at\\\/produkt\\\/aktion\\\/#breadcrumb\"},\"inLanguage\":\"en-US\",\"potentialAction\":[{\"@type\":\"ReadAction\",\"target\":[\"https:\\\/\\\/www.weingut-zimmermann.at\\\/produkt\\\/aktion\\\/\"]}]},{\"@type\":\"ImageObject\",\"inLanguage\":\"en-US\",\"@id\":\"https:\\\/\\\/www.weingut-zimmermann.at\\\/produkt\\\/aktion\\\/#primaryimage\",\"url\":\"https:\\\/\\\/www.weingut-zimmermann.at\\\/wp-content\\\/uploads\\\/bluetenmuskateller_aktion_Weingut-Zimmermann-scaled.jpg\",\"contentUrl\":\"https:\\\/\\\/www.weingut-zimmermann.at\\\/wp-content\\\/uploads\\\/bluetenmuskateller_aktion_Weingut-Zimmermann-scaled.jpg\",\"width\":2048,\"height\":2048},{\"@type\":\"BreadcrumbList\",\"@id\":\"https:\\\/\\\/www.weingut-zimmermann.at\\\/produkt\\\/aktion\\\/#breadcrumb\",\"itemListElement\":[{\"@type\":\"ListItem\",\"position\":1,\"name\":\"Startseite\",\"item\":\"https:\\\/\\\/www.weingut-zimmermann.at\\\/en\\\/\"},{\"@type\":\"ListItem\",\"position\":2,\"name\":\"Shop\",\"item\":\"https:\\\/\\\/www.weingut-zimmermann.at\\\/shop\\\/\"},{\"@type\":\"ListItem\",\"position\":3,\"name\":\"Bl\u00fctenmuskateller-PaketNur kurze Zeit g\u00fcltig.\"}]},{\"@type\":\"WebSite\",\"@id\":\"https:\\\/\\\/www.weingut-zimmermann.at\\\/#website\",\"url\":\"https:\\\/\\\/www.weingut-zimmermann.at\\\/\",\"name\":\"Weingut Zimmermann\",\"description\":\"\",\"potentialAction\":[{\"@type\":\"SearchAction\",\"target\":{\"@type\":\"EntryPoint\",\"urlTemplate\":\"https:\\\/\\\/www.weingut-zimmermann.at\\\/?s={search_term_string}\"},\"query-input\":{\"@type\":\"PropertyValueSpecification\",\"valueRequired\":true,\"valueName\":\"search_term_string\"}}],\"inLanguage\":\"en-US\"}]}<\/script>\n<!-- \/ Yoast SEO plugin. -->","yoast_head_json":{"title":"Bl\u00fctenmuskateller-PaketNur kurze Zeit g\u00fcltig. - Weingut Zimmermann","robots":{"index":"index","follow":"follow","max-snippet":"max-snippet:-1","max-image-preview":"max-image-preview:large","max-video-preview":"max-video-preview:-1"},"canonical":"https:\/\/www.weingut-zimmermann.at\/produkt\/aktion\/","og_locale":"en_US","og_type":"article","og_title":"Bl\u00fctenmuskateller-PaketNur kurze Zeit g\u00fcltig. - Weingut Zimmermann","og_description":"Dieses Paket beinhaltet:  6 x Bl\u00fctenmuskateller 2025","og_url":"https:\/\/www.weingut-zimmermann.at\/produkt\/aktion\/","og_site_name":"Weingut Zimmermann","article_modified_time":"2026-04-15T13:22:42+00:00","og_image":[{"width":2048,"height":2048,"url":"https:\/\/www.weingut-zimmermann.at\/wp-content\/uploads\/bluetenmuskateller_aktion_Weingut-Zimmermann-scaled.jpg","type":"image\/jpeg"}],"twitter_card":"summary_large_image","twitter_misc":{"Est. reading time":"1 minute"},"schema":{"@context":"https:\/\/schema.org","@graph":[{"@type":"WebPage","@id":"https:\/\/www.weingut-zimmermann.at\/produkt\/aktion\/","url":"https:\/\/www.weingut-zimmermann.at\/produkt\/aktion\/","name":"Bl\u00fctenmuskateller-Paket Nur kurze Zeit g\u00fcltig. - Weingut Zimmermann","isPartOf":{"@id":"https:\/\/www.weingut-zimmermann.at\/#website"},"primaryImageOfPage":{"@id":"https:\/\/www.weingut-zimmermann.at\/produkt\/aktion\/#primaryimage"},"image":{"@id":"https:\/\/www.weingut-zimmermann.at\/produkt\/aktion\/#primaryimage"},"thumbnailUrl":"https:\/\/www.weingut-zimmermann.at\/wp-content\/uploads\/bluetenmuskateller_aktion_Weingut-Zimmermann-scaled.jpg","datePublished":"2026-04-15T13:14:01+00:00","dateModified":"2026-04-15T13:22:42+00:00","breadcrumb":{"@id":"https:\/\/www.weingut-zimmermann.at\/produkt\/aktion\/#breadcrumb"},"inLanguage":"en-US","potentialAction":[{"@type":"ReadAction","target":["https:\/\/www.weingut-zimmermann.at\/produkt\/aktion\/"]}]},{"@type":"ImageObject","inLanguage":"en-US","@id":"https:\/\/www.weingut-zimmermann.at\/produkt\/aktion\/#primaryimage","url":"https:\/\/www.weingut-zimmermann.at\/wp-content\/uploads\/bluetenmuskateller_aktion_Weingut-Zimmermann-scaled.jpg","contentUrl":"https:\/\/www.weingut-zimmermann.at\/wp-content\/uploads\/bluetenmuskateller_aktion_Weingut-Zimmermann-scaled.jpg","width":2048,"height":2048},{"@type":"BreadcrumbList","@id":"https:\/\/www.weingut-zimmermann.at\/produkt\/aktion\/#breadcrumb","itemListElement":[{"@type":"ListItem","position":1,"name":"Startseite","item":"https:\/\/www.weingut-zimmermann.at\/en\/"},{"@type":"ListItem","position":2,"name":"Shop","item":"https:\/\/www.weingut-zimmermann.at\/shop\/"},{"@type":"ListItem","position":3,"name":"Bl\u00fctenmuskateller-PaketNur kurze Zeit g\u00fcltig."}]},{"@type":"WebSite","@id":"https:\/\/www.weingut-zimmermann.at\/#website","url":"https:\/\/www.weingut-zimmermann.at\/","name":"Weingut Zimmermann","description":"","potentialAction":[{"@type":"SearchAction","target":{"@type":"EntryPoint","urlTemplate":"https:\/\/www.weingut-zimmermann.at\/?s={search_term_string}"},"query-input":{"@type":"PropertyValueSpecification","valueRequired":true,"valueName":"search_term_string"}}],"inLanguage":"en-US"}]}},"_links":{"self":[{"href":"https:\/\/www.weingut-zimmermann.at\/en\/wp-json\/wp\/v2\/product\/5310","targetHints":{"allow":["GET"]}}],"collection":[{"href":"https:\/\/www.weingut-zimmermann.at\/en\/wp-json\/wp\/v2\/product"}],"about":[{"href":"https:\/\/www.weingut-zimmermann.at\/en\/wp-json\/wp\/v2\/types\/product"}],"wp:featuredmedia":[{"embeddable":true,"href":"https:\/\/www.weingut-zimmermann.at\/en\/wp-json\/wp\/v2\/media\/5311"}],"wp:attachment":[{"href":"https:\/\/www.weingut-zimmermann.at\/en\/wp-json\/wp\/v2\/media?parent=5310"}],"wp:term":[{"taxonomy":"product_brand","embeddable":true,"href":"https:\/\/www.weingut-zimmermann.at\/en\/wp-json\/wp\/v2\/product_brand?post=5310"},{"taxonomy":"product_cat","embeddable":true,"href":"https:\/\/www.weingut-zimmermann.at\/en\/wp-json\/wp\/v2\/product_cat?post=5310"},{"taxonomy":"product_tag","embeddable":true,"href":"https:\/\/www.weingut-zimmermann.at\/en\/wp-json\/wp\/v2\/product_tag?post=5310"}],"curies":[{"name":"wp","href":"https:\/\/api.w.org\/{rel}","templated":true}]}}